{"id":6,"date":"2017-10-05T22:02:11","date_gmt":"2017-10-05T20:02:11","guid":{"rendered":"http:\/\/www.instants-publics.com\/?page_id=6"},"modified":"2026-02-02T14:21:58","modified_gmt":"2026-02-02T13:21:58","slug":"actualites","status":"publish","type":"page","link":"https:\/\/www.instantspublics.com\/","title":{"rendered":"Actualit\u00e9s"},"content":{"rendered":"\n<figure class=\"wp-block-embed is-type-video is-provider-vimeo wp-block-embed-vimeo wp-embed-aspect-16-9 wp-has-aspect-ratio\"><div class=\"wp-block-embed__wrapper\">\n<iframe title=\"Tribu V4\" src=\"https:\/\/player.vimeo.com\/video\/1161053701?dnt=1&amp;app_id=122963\" width=\"950\" height=\"534\" frameborder=\"0\" allow=\"autoplay; fullscreen; picture-in-picture; clipboard-write; encrypted-media; web-share\" referrerpolicy=\"strict-origin-when-cross-origin\"><\/iframe>\n<\/div><\/figure>\n\n\n<ul class=\"wp-block-latest-posts__list is-grid columns-3 wp-block-latest-posts\"><li><div class=\"wp-block-latest-posts__featured-image alignleft\"><img fetchpriority=\"high\" decoding=\"async\" width=\"300\" height=\"225\" src=\"https:\/\/www.instantspublics.com\/wp-content\/uploads\/2025\/10\/WhatsApp-Image-2025-07-03-a-10.49.07_60ffc204-300x225.jpg\" class=\"attachment-medium size-medium wp-post-image\" alt=\"\" style=\"\" srcset=\"https:\/\/www.instantspublics.com\/wp-content\/uploads\/2025\/10\/WhatsApp-Image-2025-07-03-a-10.49.07_60ffc204-300x225.jpg 300w, https:\/\/www.instantspublics.com\/wp-content\/uploads\/2025\/10\/WhatsApp-Image-2025-07-03-a-10.49.07_60ffc204-1024x768.jpg 1024w, https:\/\/www.instantspublics.com\/wp-content\/uploads\/2025\/10\/WhatsApp-Image-2025-07-03-a-10.49.07_60ffc204.jpg 1600w\" sizes=\"100vw\" \/><\/div><a class=\"wp-block-latest-posts__post-title\" href=\"https:\/\/www.instantspublics.com\/?p=815\">Sarlat, Lumi\u00e8res du P\u00e9rigord<\/a><div class=\"wp-block-latest-posts__post-excerpt\">Quand l&rsquo;Histoire s&rsquo;\u00e9claire sous les \u00e9toiles La derni\u00e8re r\u00e9alisation sign\u00e9e Instants Publics pour RD Productions a pris place tous les soirs de l&rsquo;\u00e9t\u00e9 \u00e0 Sarlat-La-Can\u00e9da. Ce spectacle immersif pr\u00e9sente un troubadour racontant l&rsquo;histoire de Sarlat et du P\u00e9rigord Noir dans le magnifique cadre du Jardin des Enfeus situ\u00e9 derri\u00e8re la Cath\u00e9drale Saint-Sacerdos. Des grottes aux &hellip; <p class=\"link-more\"><a href=\"https:\/\/www.instantspublics.com\/?p=815\" class=\"more-link\">Lire la suite de<span class=\"screen-reader-text\">\u00ab\u00a0Sarlat, Lumi\u00e8res du P\u00e9rigord\u00a0\u00bb<\/span><\/a><\/p><\/div><\/li>\n<li><div class=\"wp-block-latest-posts__featured-image alignleft\"><img decoding=\"async\" width=\"225\" height=\"300\" src=\"https:\/\/www.instantspublics.com\/wp-content\/uploads\/2025\/04\/WhatsApp-Image-2025-04-24-a-01.58.52_aeb6dbe3-225x300.jpg\" class=\"attachment-medium size-medium wp-post-image\" alt=\"\" style=\"\" srcset=\"https:\/\/www.instantspublics.com\/wp-content\/uploads\/2025\/04\/WhatsApp-Image-2025-04-24-a-01.58.52_aeb6dbe3-225x300.jpg 225w, https:\/\/www.instantspublics.com\/wp-content\/uploads\/2025\/04\/WhatsApp-Image-2025-04-24-a-01.58.52_aeb6dbe3-768x1024.jpg 768w, https:\/\/www.instantspublics.com\/wp-content\/uploads\/2025\/04\/WhatsApp-Image-2025-04-24-a-01.58.52_aeb6dbe3.jpg 1200w\" sizes=\"100vw\" \/><\/div><a class=\"wp-block-latest-posts__post-title\" href=\"https:\/\/www.instantspublics.com\/?p=775\">Chartres, mille ans d&rsquo;\u00e9clat<\/a><div class=\"wp-block-latest-posts__post-excerpt\">Nouveau spectacle immersif en collaboration avec St\u00e9phane Bern. Notre dernier spectacle indoor r\u00e9alis\u00e9 par Franck Morin est visible au cellier de Lo\u00ebns \u00e0 deux pas de la cath\u00e9drale de Chartres depuis le samedi 26 avril 2025. Gr\u00e2ce \u00e0 une succession de s\u00e9quences particuli\u00e8rement immersives, St\u00e9phane Bern entra\u00eene le spectateur dans une exp\u00e9rience unique au coeur &hellip; <p class=\"link-more\"><a href=\"https:\/\/www.instantspublics.com\/?p=775\" class=\"more-link\">Lire la suite de<span class=\"screen-reader-text\">\u00ab\u00a0Chartres, mille ans d&rsquo;\u00e9clat\u00a0\u00bb<\/span><\/a><\/p><\/div><\/li>\n<li><div class=\"wp-block-latest-posts__featured-image alignleft\"><img decoding=\"async\" width=\"300\" height=\"225\" src=\"https:\/\/www.instantspublics.com\/wp-content\/uploads\/2025\/04\/1743517965252-bis-300x225.jpg\" class=\"attachment-medium size-medium wp-post-image\" alt=\"\" style=\"\" srcset=\"https:\/\/www.instantspublics.com\/wp-content\/uploads\/2025\/04\/1743517965252-bis-300x225.jpg 300w, https:\/\/www.instantspublics.com\/wp-content\/uploads\/2025\/04\/1743517965252-bis-1024x768.jpg 1024w, https:\/\/www.instantspublics.com\/wp-content\/uploads\/2025\/04\/1743517965252-bis-2000x1500.jpg 2000w\" sizes=\"100vw\" \/><\/div><a class=\"wp-block-latest-posts__post-title\" href=\"https:\/\/www.instantspublics.com\/?p=762\">Trib\u00fc, un dispositif num\u00e9rique participatif au service de l&rsquo;\u00e9v\u00e9nement d&rsquo;entreprise<\/a><div class=\"wp-block-latest-posts__post-excerpt\">800 invit\u00e9s se retrouvent projet\u00e9s au coeur du patrimoine et de l&rsquo;histoire de La Poste Immobilier. Notre dispositif participatif Trib\u00fc a \u00e9t\u00e9 grandement appr\u00e9ci\u00e9 par les invit\u00e9s de la soir\u00e9e des 20 ans de La Poste Immobilier r\u00e9unis en mars dernier \u00e0 Paris. Lors de cet \u00e9v\u00e9nement visant \u00e0 remercier salari\u00e9s et parternaires du groupe, &hellip; <p class=\"link-more\"><a href=\"https:\/\/www.instantspublics.com\/?p=762\" class=\"more-link\">Lire la suite de<span class=\"screen-reader-text\">\u00ab\u00a0Trib\u00fc, un dispositif num\u00e9rique participatif au service de l&rsquo;\u00e9v\u00e9nement d&rsquo;entreprise\u00a0\u00bb<\/span><\/a><\/p><\/div><\/li>\n<li><div class=\"wp-block-latest-posts__featured-image alignleft\"><img loading=\"lazy\" decoding=\"async\" width=\"199\" height=\"300\" src=\"https:\/\/www.instantspublics.com\/wp-content\/uploads\/2024\/09\/voliere-2-199x300.jpg\" class=\"attachment-medium size-medium wp-post-image\" alt=\"\" style=\"\" srcset=\"https:\/\/www.instantspublics.com\/wp-content\/uploads\/2024\/09\/voliere-2-199x300.jpg 199w, https:\/\/www.instantspublics.com\/wp-content\/uploads\/2024\/09\/voliere-2.jpg 526w\" sizes=\"100vw\" \/><\/div><a class=\"wp-block-latest-posts__post-title\" href=\"https:\/\/www.instantspublics.com\/?p=709\">Jardin des Lumi\u00e8res Part. 2<\/a><div class=\"wp-block-latest-posts__post-excerpt\">Cloyes-les-Trois Rivi\u00e8res va bient\u00f4t refermer les portes du Jardin des Lumi\u00e8res \u00e9dition 2024 pour laisser le Parc Emile Zola entrer tranquillement dans l&rsquo;hiver. Touristes de passage et visiteurs eur\u00e9liens auront pu profiter cette ann\u00e9e encore d&rsquo;une belle animation estivale gr\u00e2ce \u00e0 ce parcours lumi\u00e8re en pleine nature. Dans ce magnifique site qui accueillit jadis Zola &hellip; <p class=\"link-more\"><a href=\"https:\/\/www.instantspublics.com\/?p=709\" class=\"more-link\">Lire la suite de<span class=\"screen-reader-text\">\u00ab\u00a0Jardin des Lumi\u00e8res Part. 2\u00a0\u00bb<\/span><\/a><\/p><\/div><\/li>\n<\/ul>","protected":false},"excerpt":{"rendered":"","protected":false},"author":1,"featured_media":518,"parent":0,"menu_order":1,"comment_status":"closed","ping_status":"closed","template":"","meta":{"footnotes":""},"class_list":["post-6","page","type-page","status-publish","has-post-thumbnail","hentry"],"yoast_head":"<!-- This site is optimized with the Yoast SEO plugin v27.4 - https:\/\/yoast.com\/product\/yoast-seo-wordpress\/ -->\n<title>Actualit\u00e9s - Instants Publics<\/title>\n<meta name=\"robots\" content=\"index, follow, max-snippet:-1, max-image-preview:large, max-video-preview:-1\" \/>\n<link rel=\"canonical\" href=\"https:\/\/www.instantspublics.com\/\" \/>\n<meta property=\"og:locale\" content=\"fr_FR\" \/>\n<meta property=\"og:type\" content=\"article\" \/>\n<meta property=\"og:title\" content=\"Actualit\u00e9s - Instants Publics\" \/>\n<meta property=\"og:url\" content=\"https:\/\/www.instantspublics.com\/\" \/>\n<meta property=\"og:site_name\" content=\"Instants Publics\" \/>\n<meta property=\"article:modified_time\" content=\"2026-02-02T13:21:58+00:00\" \/>\n<meta property=\"og:image\" content=\"https:\/\/www.instantspublics.com\/wp-content\/uploads\/2022\/08\/montlucon01_02-scaled.jpg\" \/>\n\t<meta property=\"og:image:width\" content=\"2560\" \/>\n\t<meta property=\"og:image:height\" content=\"1707\" \/>\n\t<meta property=\"og:image:type\" content=\"image\/jpeg\" \/>\n<meta name=\"twitter:card\" content=\"summary_large_image\" \/>\n<meta name=\"twitter:label1\" content=\"Dur\u00e9e de lecture estim\u00e9e\" \/>\n\t<meta name=\"twitter:data1\" content=\"1 minute\" \/>\n<script type=\"application\/ld+json\" class=\"yoast-schema-graph\">{\"@context\":\"https:\\\/\\\/schema.org\",\"@graph\":[{\"@type\":\"WebPage\",\"@id\":\"https:\\\/\\\/www.instantspublics.com\\\/\",\"url\":\"https:\\\/\\\/www.instantspublics.com\\\/\",\"name\":\"Actualit\u00e9s - Instants Publics\",\"isPartOf\":{\"@id\":\"https:\\\/\\\/www.instantspublics.com\\\/#website\"},\"primaryImageOfPage\":{\"@id\":\"https:\\\/\\\/www.instantspublics.com\\\/#primaryimage\"},\"image\":{\"@id\":\"https:\\\/\\\/www.instantspublics.com\\\/#primaryimage\"},\"thumbnailUrl\":\"https:\\\/\\\/www.instantspublics.com\\\/wp-content\\\/uploads\\\/2022\\\/08\\\/montlucon01_02-scaled.jpg\",\"datePublished\":\"2017-10-05T20:02:11+00:00\",\"dateModified\":\"2026-02-02T13:21:58+00:00\",\"breadcrumb\":{\"@id\":\"https:\\\/\\\/www.instantspublics.com\\\/#breadcrumb\"},\"inLanguage\":\"fr-FR\",\"potentialAction\":[{\"@type\":\"ReadAction\",\"target\":[\"https:\\\/\\\/www.instantspublics.com\\\/\"]}]},{\"@type\":\"ImageObject\",\"inLanguage\":\"fr-FR\",\"@id\":\"https:\\\/\\\/www.instantspublics.com\\\/#primaryimage\",\"url\":\"https:\\\/\\\/www.instantspublics.com\\\/wp-content\\\/uploads\\\/2022\\\/08\\\/montlucon01_02-scaled.jpg\",\"contentUrl\":\"https:\\\/\\\/www.instantspublics.com\\\/wp-content\\\/uploads\\\/2022\\\/08\\\/montlucon01_02-scaled.jpg\",\"width\":2560,\"height\":1707},{\"@type\":\"BreadcrumbList\",\"@id\":\"https:\\\/\\\/www.instantspublics.com\\\/#breadcrumb\",\"itemListElement\":[{\"@type\":\"ListItem\",\"position\":1,\"name\":\"Accueil\",\"item\":\"https:\\\/\\\/www.instantspublics.com\\\/\"},{\"@type\":\"ListItem\",\"position\":2,\"name\":\"Actualit\u00e9s\"}]},{\"@type\":\"WebSite\",\"@id\":\"https:\\\/\\\/www.instantspublics.com\\\/#website\",\"url\":\"https:\\\/\\\/www.instantspublics.com\\\/\",\"name\":\"Instants Publics\",\"description\":\"Raconter votre patrimoine, Illuminer votre Histoire\",\"publisher\":{\"@id\":\"https:\\\/\\\/www.instantspublics.com\\\/#organization\"},\"potentialAction\":[{\"@type\":\"SearchAction\",\"target\":{\"@type\":\"EntryPoint\",\"urlTemplate\":\"https:\\\/\\\/www.instantspublics.com\\\/?s={search_term_string}\"},\"query-input\":{\"@type\":\"PropertyValueSpecification\",\"valueRequired\":true,\"valueName\":\"search_term_string\"}}],\"inLanguage\":\"fr-FR\"},{\"@type\":\"Organization\",\"@id\":\"https:\\\/\\\/www.instantspublics.com\\\/#organization\",\"name\":\"Instants Publics\",\"url\":\"https:\\\/\\\/www.instantspublics.com\\\/\",\"logo\":{\"@type\":\"ImageObject\",\"inLanguage\":\"fr-FR\",\"@id\":\"https:\\\/\\\/www.instantspublics.com\\\/#\\\/schema\\\/logo\\\/image\\\/\",\"url\":\"https:\\\/\\\/www.instantspublics.com\\\/wp-content\\\/uploads\\\/2024\\\/09\\\/Instants.Publics_logo_Blanc.HORIZ_.png\",\"contentUrl\":\"https:\\\/\\\/www.instantspublics.com\\\/wp-content\\\/uploads\\\/2024\\\/09\\\/Instants.Publics_logo_Blanc.HORIZ_.png\",\"width\":1393,\"height\":1030,\"caption\":\"Instants Publics\"},\"image\":{\"@id\":\"https:\\\/\\\/www.instantspublics.com\\\/#\\\/schema\\\/logo\\\/image\\\/\"}}]}<\/script>\n<!-- \/ Yoast SEO plugin. -->","yoast_head_json":{"title":"Actualit\u00e9s - Instants Publics","robots":{"index":"index","follow":"follow","max-snippet":"max-snippet:-1","max-image-preview":"max-image-preview:large","max-video-preview":"max-video-preview:-1"},"canonical":"https:\/\/www.instantspublics.com\/","og_locale":"fr_FR","og_type":"article","og_title":"Actualit\u00e9s - Instants Publics","og_url":"https:\/\/www.instantspublics.com\/","og_site_name":"Instants Publics","article_modified_time":"2026-02-02T13:21:58+00:00","og_image":[{"width":2560,"height":1707,"url":"https:\/\/www.instantspublics.com\/wp-content\/uploads\/2022\/08\/montlucon01_02-scaled.jpg","type":"image\/jpeg"}],"twitter_card":"summary_large_image","twitter_misc":{"Dur\u00e9e de lecture estim\u00e9e":"1 minute"},"schema":{"@context":"https:\/\/schema.org","@graph":[{"@type":"WebPage","@id":"https:\/\/www.instantspublics.com\/","url":"https:\/\/www.instantspublics.com\/","name":"Actualit\u00e9s - Instants Publics","isPartOf":{"@id":"https:\/\/www.instantspublics.com\/#website"},"primaryImageOfPage":{"@id":"https:\/\/www.instantspublics.com\/#primaryimage"},"image":{"@id":"https:\/\/www.instantspublics.com\/#primaryimage"},"thumbnailUrl":"https:\/\/www.instantspublics.com\/wp-content\/uploads\/2022\/08\/montlucon01_02-scaled.jpg","datePublished":"2017-10-05T20:02:11+00:00","dateModified":"2026-02-02T13:21:58+00:00","breadcrumb":{"@id":"https:\/\/www.instantspublics.com\/#breadcrumb"},"inLanguage":"fr-FR","potentialAction":[{"@type":"ReadAction","target":["https:\/\/www.instantspublics.com\/"]}]},{"@type":"ImageObject","inLanguage":"fr-FR","@id":"https:\/\/www.instantspublics.com\/#primaryimage","url":"https:\/\/www.instantspublics.com\/wp-content\/uploads\/2022\/08\/montlucon01_02-scaled.jpg","contentUrl":"https:\/\/www.instantspublics.com\/wp-content\/uploads\/2022\/08\/montlucon01_02-scaled.jpg","width":2560,"height":1707},{"@type":"BreadcrumbList","@id":"https:\/\/www.instantspublics.com\/#breadcrumb","itemListElement":[{"@type":"ListItem","position":1,"name":"Accueil","item":"https:\/\/www.instantspublics.com\/"},{"@type":"ListItem","position":2,"name":"Actualit\u00e9s"}]},{"@type":"WebSite","@id":"https:\/\/www.instantspublics.com\/#website","url":"https:\/\/www.instantspublics.com\/","name":"Instants Publics","description":"Raconter votre patrimoine, Illuminer votre Histoire","publisher":{"@id":"https:\/\/www.instantspublics.com\/#organization"},"potentialAction":[{"@type":"SearchAction","target":{"@type":"EntryPoint","urlTemplate":"https:\/\/www.instantspublics.com\/?s={search_term_string}"},"query-input":{"@type":"PropertyValueSpecification","valueRequired":true,"valueName":"search_term_string"}}],"inLanguage":"fr-FR"},{"@type":"Organization","@id":"https:\/\/www.instantspublics.com\/#organization","name":"Instants Publics","url":"https:\/\/www.instantspublics.com\/","logo":{"@type":"ImageObject","inLanguage":"fr-FR","@id":"https:\/\/www.instantspublics.com\/#\/schema\/logo\/image\/","url":"https:\/\/www.instantspublics.com\/wp-content\/uploads\/2024\/09\/Instants.Publics_logo_Blanc.HORIZ_.png","contentUrl":"https:\/\/www.instantspublics.com\/wp-content\/uploads\/2024\/09\/Instants.Publics_logo_Blanc.HORIZ_.png","width":1393,"height":1030,"caption":"Instants Publics"},"image":{"@id":"https:\/\/www.instantspublics.com\/#\/schema\/logo\/image\/"}}]}},"_links":{"self":[{"href":"https:\/\/www.instantspublics.com\/index.php?rest_route=\/wp\/v2\/pages\/6","targetHints":{"allow":["GET"]}}],"collection":[{"href":"https:\/\/www.instantspublics.com\/index.php?rest_route=\/wp\/v2\/pages"}],"about":[{"href":"https:\/\/www.instantspublics.com\/index.php?rest_route=\/wp\/v2\/types\/page"}],"author":[{"embeddable":true,"href":"https:\/\/www.instantspublics.com\/index.php?rest_route=\/wp\/v2\/users\/1"}],"replies":[{"embeddable":true,"href":"https:\/\/www.instantspublics.com\/index.php?rest_route=%2Fwp%2Fv2%2Fcomments&post=6"}],"version-history":[{"count":10,"href":"https:\/\/www.instantspublics.com\/index.php?rest_route=\/wp\/v2\/pages\/6\/revisions"}],"predecessor-version":[{"id":882,"href":"https:\/\/www.instantspublics.com\/index.php?rest_route=\/wp\/v2\/pages\/6\/revisions\/882"}],"wp:featuredmedia":[{"embeddable":true,"href":"https:\/\/www.instantspublics.com\/index.php?rest_route=\/wp\/v2\/media\/518"}],"wp:attachment":[{"href":"https:\/\/www.instantspublics.com\/index.php?rest_route=%2Fwp%2Fv2%2Fmedia&parent=6"}],"curies":[{"name":"wp","href":"https:\/\/api.w.org\/{rel}","templated":true}]}}