{"id":206,"date":"2018-11-27T15:49:30","date_gmt":"2018-11-27T14:49:30","guid":{"rendered":"http:\/\/www.instantspublics.com\/?page_id=206"},"modified":"2026-01-09T16:46:53","modified_gmt":"2026-01-09T15:46:53","slug":"qui-sommes-nous","status":"publish","type":"page","link":"https:\/\/www.instantspublics.com\/?page_id=206","title":{"rendered":"Qui sommes-nous ?"},"content":{"rendered":"<p>Instants Publics est sp\u00e9cialiste de la conception, de l&rsquo;animation et de la production d&rsquo;\u00e9v\u00e9nements grand public. Particuli\u00e8rement tourn\u00e9e vers les collectivit\u00e9s territoriales, notre soci\u00e9t\u00e9 fonde son action sur trois qualit\u00e9s essentielles : des comp\u00e9tences artistiques reconnues, un go\u00fbt r\u00e9el pour l&rsquo;innovation et une ma\u00eetrise absolue des outils de production.<\/p>\n<p>Instants Publics a notamment con\u00e7u de nombreux spectacles son et lumi\u00e8re pour des villes, des d\u00e9partements et des r\u00e9gions.<\/p>\n<p>Gr\u00e2ce aux technologies du mapping vid\u00e9o et de l&rsquo;\u00e9clairage LED dynamique, nous avons \u00e0 coeur de sublimer le patrimoine afin d&rsquo;en valoriser l&rsquo;architecture, d&rsquo;en r\u00e9v\u00e9ler l&rsquo;histoire et d&rsquo;en d\u00e9velopper la notori\u00e9t\u00e9.<\/p>\n<p>En s&rsquo;appuyant sur les derni\u00e8res techniques d&rsquo;animation, nos directeurs artistiques, graphistes et op\u00e9rateurs 3D portent sur chaque projet un regard artistique sans cesse renouvel\u00e9 et toujours novateur.<\/p>\n<p>Notre profonde connaissance du fonctionnement des collectivit\u00e9s territoriales nous permet, en outre, de proposer aux \u00e9lus et aux services une d\u00e9marche de co-construction dans le processus de cr\u00e9ation des spectacles.<\/p>\n<p>Nous sommes \u00e9galement conscients des fortes attentes suscit\u00e9es par un projet de son et lumi\u00e8re tant sur le plan m\u00e9moriel, touristique qu&rsquo;\u00e9conomique. Afin d&rsquo;en garantir la r\u00e9ussite et de toucher le plus large public possible, nous nous attachons \u00e0 concevoir une exp\u00e9rience artistique qui soit \u00e0 la fois accessible, sensorielle et ludique.<\/p>\n<p>Franck Morin, dirigeant et fondateur, est sp\u00e9cialiste de l&rsquo;\u00e9v\u00e9nementiel \u00e0 destination du grand public.<\/p>\n<p>Il a d&rsquo;abord \u00e9t\u00e9 producteur de tourn\u00e9es d&rsquo;artistes de musiques actuelles (Tryo, La Rue K\u00e9tanou, Gnawa Diffusion&#8230;) et de formations classiques (Royal Philharmonic Orchestra, Il Giardino Armonico, Salzburg Chamber Soloists&#8230;). A ce titre, il a organis\u00e9 de nombreux spectacles en France et \u00e0 l&rsquo;\u00e9tranger et a produit des concerts dans d&rsquo;illustres salles parisiennes comme l&rsquo;Accord H\u00f4tel Arena, La Cigale, l&rsquo;Olympia, la Salle Pleyel ou le Th\u00e9\u00e2tre des Champs-Elys\u00e9es.<\/p>\n<p>Franck Morin a \u00e9galement une exp\u00e9rience significative dans le secteur culturel public. Il a en effet \u00e9t\u00e9 Directeur de la Culture \u00e0 Chartres o\u00f9 il a notamment mis en place et g\u00e9r\u00e9 l&rsquo;op\u00e9ration Chartres en Lumi\u00e8res (plus importante manifestation au monde de mise en lumi\u00e8re artistique du patrimoine). Install\u00e9 au Havre, depuis plusieurs ann\u00e9es, il a collabor\u00e9 avec de nombreuses structures normandes et est \u00e0 l&rsquo;initiative de l&rsquo;installation du Magic Mirrors au coeur de la cit\u00e9 oc\u00e9ane. Enfin, il a pu approfondir sa connaissance des collectivit\u00e9s territoriales en tant que Directeur G\u00e9n\u00e9ral des Services de Saint-Jouin-Bruneval, petite ville touristique proche d&rsquo;Etretat.<\/p>\n<p>Franck Morin se consacre aujourd&rsquo;hui principalement \u00e0 l&rsquo;\u00e9criture de spectacles lumi\u00e8re et \u00e0 la sc\u00e9narisation d&rsquo;\u00e9v\u00e9nements grand public.<\/p>\n","protected":false},"excerpt":{"rendered":"<p>Instants Publics est sp\u00e9cialiste de la conception, de l&rsquo;animation et de la production d&rsquo;\u00e9v\u00e9nements grand public. Particuli\u00e8rement tourn\u00e9e vers les collectivit\u00e9s territoriales, notre soci\u00e9t\u00e9 fonde son action sur trois qualit\u00e9s essentielles : des comp\u00e9tences artistiques reconnues, un go\u00fbt r\u00e9el pour l&rsquo;innovation et une ma\u00eetrise absolue des outils de production. Instants Publics a notamment con\u00e7u de &hellip; <\/p>\n<p class=\"link-more\"><a href=\"https:\/\/www.instantspublics.com\/?page_id=206\" class=\"more-link\">Lire la suite de<span class=\"screen-reader-text\">\u00ab\u00a0Qui sommes-nous ?\u00a0\u00bb<\/span><\/a><\/p>\n","protected":false},"author":1,"featured_media":208,"parent":0,"menu_order":3,"comment_status":"closed","ping_status":"closed","template":"","meta":{"footnotes":""},"class_list":["post-206","page","type-page","status-publish","has-post-thumbnail","hentry"],"yoast_head":"<!-- This site is optimized with the Yoast SEO plugin v27.4 - https:\/\/yoast.com\/product\/yoast-seo-wordpress\/ -->\n<title>Ev\u00e9nementiel grand public &amp; mapping vid\u00e9o - Instants Publics<\/title>\n<meta name=\"description\" content=\"Instants Publics est sp\u00e9cialiste de la conception, de l&#039;animation et de la production d&#039;\u00e9v\u00e9nements grand public.\" \/>\n<meta name=\"robots\" content=\"index, follow, max-snippet:-1, max-image-preview:large, max-video-preview:-1\" \/>\n<link rel=\"canonical\" href=\"https:\/\/www.instantspublics.com\/?page_id=206\" \/>\n<meta property=\"og:locale\" content=\"fr_FR\" \/>\n<meta property=\"og:type\" content=\"article\" \/>\n<meta property=\"og:title\" content=\"Ev\u00e9nementiel grand public &amp; mapping vid\u00e9o - Instants Publics\" \/>\n<meta property=\"og:description\" content=\"Instants Publics est sp\u00e9cialiste de la conception, de l&#039;animation et de la production d&#039;\u00e9v\u00e9nements grand public.\" \/>\n<meta property=\"og:url\" content=\"https:\/\/www.instantspublics.com\/?page_id=206\" \/>\n<meta property=\"og:site_name\" content=\"Instants Publics\" \/>\n<meta property=\"article:modified_time\" content=\"2026-01-09T15:46:53+00:00\" \/>\n<meta property=\"og:image\" content=\"https:\/\/www.instantspublics.com\/wp-content\/uploads\/2018\/11\/IMG_2889-1024x683.jpg\" \/>\n\t<meta property=\"og:image:width\" content=\"1024\" \/>\n\t<meta property=\"og:image:height\" content=\"683\" \/>\n\t<meta property=\"og:image:type\" content=\"image\/jpeg\" \/>\n<meta name=\"twitter:card\" content=\"summary_large_image\" \/>\n<meta name=\"twitter:label1\" content=\"Dur\u00e9e de lecture estim\u00e9e\" \/>\n\t<meta name=\"twitter:data1\" content=\"3 minutes\" \/>\n<script type=\"application\/ld+json\" class=\"yoast-schema-graph\">{\"@context\":\"https:\\\/\\\/schema.org\",\"@graph\":[{\"@type\":\"WebPage\",\"@id\":\"https:\\\/\\\/www.instantspublics.com\\\/?page_id=206\",\"url\":\"https:\\\/\\\/www.instantspublics.com\\\/?page_id=206\",\"name\":\"Ev\u00e9nementiel grand public & mapping vid\u00e9o - Instants Publics\",\"isPartOf\":{\"@id\":\"https:\\\/\\\/www.instantspublics.com\\\/#website\"},\"primaryImageOfPage\":{\"@id\":\"https:\\\/\\\/www.instantspublics.com\\\/?page_id=206#primaryimage\"},\"image\":{\"@id\":\"https:\\\/\\\/www.instantspublics.com\\\/?page_id=206#primaryimage\"},\"thumbnailUrl\":\"https:\\\/\\\/www.instantspublics.com\\\/wp-content\\\/uploads\\\/2018\\\/11\\\/IMG_2889.jpg\",\"datePublished\":\"2018-11-27T14:49:30+00:00\",\"dateModified\":\"2026-01-09T15:46:53+00:00\",\"description\":\"Instants Publics est sp\u00e9cialiste de la conception, de l'animation et de la production d'\u00e9v\u00e9nements grand public.\",\"breadcrumb\":{\"@id\":\"https:\\\/\\\/www.instantspublics.com\\\/?page_id=206#breadcrumb\"},\"inLanguage\":\"fr-FR\",\"potentialAction\":[{\"@type\":\"ReadAction\",\"target\":[\"https:\\\/\\\/www.instantspublics.com\\\/?page_id=206\"]}]},{\"@type\":\"ImageObject\",\"inLanguage\":\"fr-FR\",\"@id\":\"https:\\\/\\\/www.instantspublics.com\\\/?page_id=206#primaryimage\",\"url\":\"https:\\\/\\\/www.instantspublics.com\\\/wp-content\\\/uploads\\\/2018\\\/11\\\/IMG_2889.jpg\",\"contentUrl\":\"https:\\\/\\\/www.instantspublics.com\\\/wp-content\\\/uploads\\\/2018\\\/11\\\/IMG_2889.jpg\",\"width\":5184,\"height\":3456},{\"@type\":\"BreadcrumbList\",\"@id\":\"https:\\\/\\\/www.instantspublics.com\\\/?page_id=206#breadcrumb\",\"itemListElement\":[{\"@type\":\"ListItem\",\"position\":1,\"name\":\"Accueil\",\"item\":\"https:\\\/\\\/www.instantspublics.com\\\/\"},{\"@type\":\"ListItem\",\"position\":2,\"name\":\"Qui sommes-nous ?\"}]},{\"@type\":\"WebSite\",\"@id\":\"https:\\\/\\\/www.instantspublics.com\\\/#website\",\"url\":\"https:\\\/\\\/www.instantspublics.com\\\/\",\"name\":\"Instants Publics\",\"description\":\"Raconter votre patrimoine, Illuminer votre Histoire\",\"publisher\":{\"@id\":\"https:\\\/\\\/www.instantspublics.com\\\/#organization\"},\"potentialAction\":[{\"@type\":\"SearchAction\",\"target\":{\"@type\":\"EntryPoint\",\"urlTemplate\":\"https:\\\/\\\/www.instantspublics.com\\\/?s={search_term_string}\"},\"query-input\":{\"@type\":\"PropertyValueSpecification\",\"valueRequired\":true,\"valueName\":\"search_term_string\"}}],\"inLanguage\":\"fr-FR\"},{\"@type\":\"Organization\",\"@id\":\"https:\\\/\\\/www.instantspublics.com\\\/#organization\",\"name\":\"Instants Publics\",\"url\":\"https:\\\/\\\/www.instantspublics.com\\\/\",\"logo\":{\"@type\":\"ImageObject\",\"inLanguage\":\"fr-FR\",\"@id\":\"https:\\\/\\\/www.instantspublics.com\\\/#\\\/schema\\\/logo\\\/image\\\/\",\"url\":\"https:\\\/\\\/www.instantspublics.com\\\/wp-content\\\/uploads\\\/2024\\\/09\\\/Instants.Publics_logo_Blanc.HORIZ_.png\",\"contentUrl\":\"https:\\\/\\\/www.instantspublics.com\\\/wp-content\\\/uploads\\\/2024\\\/09\\\/Instants.Publics_logo_Blanc.HORIZ_.png\",\"width\":1393,\"height\":1030,\"caption\":\"Instants Publics\"},\"image\":{\"@id\":\"https:\\\/\\\/www.instantspublics.com\\\/#\\\/schema\\\/logo\\\/image\\\/\"}}]}<\/script>\n<!-- \/ Yoast SEO plugin. -->","yoast_head_json":{"title":"Ev\u00e9nementiel grand public & mapping vid\u00e9o - Instants Publics","description":"Instants Publics est sp\u00e9cialiste de la conception, de l'animation et de la production d'\u00e9v\u00e9nements grand public.","robots":{"index":"index","follow":"follow","max-snippet":"max-snippet:-1","max-image-preview":"max-image-preview:large","max-video-preview":"max-video-preview:-1"},"canonical":"https:\/\/www.instantspublics.com\/?page_id=206","og_locale":"fr_FR","og_type":"article","og_title":"Ev\u00e9nementiel grand public & mapping vid\u00e9o - Instants Publics","og_description":"Instants Publics est sp\u00e9cialiste de la conception, de l'animation et de la production d'\u00e9v\u00e9nements grand public.","og_url":"https:\/\/www.instantspublics.com\/?page_id=206","og_site_name":"Instants Publics","article_modified_time":"2026-01-09T15:46:53+00:00","og_image":[{"width":1024,"height":683,"url":"https:\/\/www.instantspublics.com\/wp-content\/uploads\/2018\/11\/IMG_2889-1024x683.jpg","type":"image\/jpeg"}],"twitter_card":"summary_large_image","twitter_misc":{"Dur\u00e9e de lecture estim\u00e9e":"3 minutes"},"schema":{"@context":"https:\/\/schema.org","@graph":[{"@type":"WebPage","@id":"https:\/\/www.instantspublics.com\/?page_id=206","url":"https:\/\/www.instantspublics.com\/?page_id=206","name":"Ev\u00e9nementiel grand public & mapping vid\u00e9o - Instants Publics","isPartOf":{"@id":"https:\/\/www.instantspublics.com\/#website"},"primaryImageOfPage":{"@id":"https:\/\/www.instantspublics.com\/?page_id=206#primaryimage"},"image":{"@id":"https:\/\/www.instantspublics.com\/?page_id=206#primaryimage"},"thumbnailUrl":"https:\/\/www.instantspublics.com\/wp-content\/uploads\/2018\/11\/IMG_2889.jpg","datePublished":"2018-11-27T14:49:30+00:00","dateModified":"2026-01-09T15:46:53+00:00","description":"Instants Publics est sp\u00e9cialiste de la conception, de l'animation et de la production d'\u00e9v\u00e9nements grand public.","breadcrumb":{"@id":"https:\/\/www.instantspublics.com\/?page_id=206#breadcrumb"},"inLanguage":"fr-FR","potentialAction":[{"@type":"ReadAction","target":["https:\/\/www.instantspublics.com\/?page_id=206"]}]},{"@type":"ImageObject","inLanguage":"fr-FR","@id":"https:\/\/www.instantspublics.com\/?page_id=206#primaryimage","url":"https:\/\/www.instantspublics.com\/wp-content\/uploads\/2018\/11\/IMG_2889.jpg","contentUrl":"https:\/\/www.instantspublics.com\/wp-content\/uploads\/2018\/11\/IMG_2889.jpg","width":5184,"height":3456},{"@type":"BreadcrumbList","@id":"https:\/\/www.instantspublics.com\/?page_id=206#breadcrumb","itemListElement":[{"@type":"ListItem","position":1,"name":"Accueil","item":"https:\/\/www.instantspublics.com\/"},{"@type":"ListItem","position":2,"name":"Qui sommes-nous ?"}]},{"@type":"WebSite","@id":"https:\/\/www.instantspublics.com\/#website","url":"https:\/\/www.instantspublics.com\/","name":"Instants Publics","description":"Raconter votre patrimoine, Illuminer votre Histoire","publisher":{"@id":"https:\/\/www.instantspublics.com\/#organization"},"potentialAction":[{"@type":"SearchAction","target":{"@type":"EntryPoint","urlTemplate":"https:\/\/www.instantspublics.com\/?s={search_term_string}"},"query-input":{"@type":"PropertyValueSpecification","valueRequired":true,"valueName":"search_term_string"}}],"inLanguage":"fr-FR"},{"@type":"Organization","@id":"https:\/\/www.instantspublics.com\/#organization","name":"Instants Publics","url":"https:\/\/www.instantspublics.com\/","logo":{"@type":"ImageObject","inLanguage":"fr-FR","@id":"https:\/\/www.instantspublics.com\/#\/schema\/logo\/image\/","url":"https:\/\/www.instantspublics.com\/wp-content\/uploads\/2024\/09\/Instants.Publics_logo_Blanc.HORIZ_.png","contentUrl":"https:\/\/www.instantspublics.com\/wp-content\/uploads\/2024\/09\/Instants.Publics_logo_Blanc.HORIZ_.png","width":1393,"height":1030,"caption":"Instants Publics"},"image":{"@id":"https:\/\/www.instantspublics.com\/#\/schema\/logo\/image\/"}}]}},"_links":{"self":[{"href":"https:\/\/www.instantspublics.com\/index.php?rest_route=\/wp\/v2\/pages\/206","targetHints":{"allow":["GET"]}}],"collection":[{"href":"https:\/\/www.instantspublics.com\/index.php?rest_route=\/wp\/v2\/pages"}],"about":[{"href":"https:\/\/www.instantspublics.com\/index.php?rest_route=\/wp\/v2\/types\/page"}],"author":[{"embeddable":true,"href":"https:\/\/www.instantspublics.com\/index.php?rest_route=\/wp\/v2\/users\/1"}],"replies":[{"embeddable":true,"href":"https:\/\/www.instantspublics.com\/index.php?rest_route=%2Fwp%2Fv2%2Fcomments&post=206"}],"version-history":[{"count":7,"href":"https:\/\/www.instantspublics.com\/index.php?rest_route=\/wp\/v2\/pages\/206\/revisions"}],"predecessor-version":[{"id":703,"href":"https:\/\/www.instantspublics.com\/index.php?rest_route=\/wp\/v2\/pages\/206\/revisions\/703"}],"wp:featuredmedia":[{"embeddable":true,"href":"https:\/\/www.instantspublics.com\/index.php?rest_route=\/wp\/v2\/media\/208"}],"wp:attachment":[{"href":"https:\/\/www.instantspublics.com\/index.php?rest_route=%2Fwp%2Fv2%2Fmedia&parent=206"}],"curies":[{"name":"wp","href":"https:\/\/api.w.org\/{rel}","templated":true}]}}