{"id":18,"date":"2017-10-05T23:05:15","date_gmt":"2017-10-05T21:05:15","guid":{"rendered":"http:\/\/www.instants-publics.com\/?page_id=18"},"modified":"2026-01-09T16:24:15","modified_gmt":"2026-01-09T15:24:15","slug":"communication-et-marketing-territorial","status":"publish","type":"page","link":"https:\/\/www.instantspublics.com\/?page_id=18","title":{"rendered":"MAPPING VIDEO &#038; PARCOURS LUMIERE"},"content":{"rendered":"<p>Instants Publics intervient aupr\u00e8s des collectivit\u00e9s territoriales dans le domaine de la conception de spectacles et de parcours lumi\u00e8res.<\/p>\n<p>Souvent fond\u00e9s sur l&rsquo;identit\u00e9 historique, g\u00e9ographie et culturelle des villes, d\u00e9partements ou r\u00e9gions, les \u00e9v\u00e9nements que nous cr\u00e9ons sont de v\u00e9ritables exp\u00e9riences artistiques au service du d\u00e9veloppement territorial.<\/p>\n<p>Destin\u00e9s \u00e0 tous les publics, habitants et touristes, petits et grands, visiteurs \u00e9clair\u00e9s et promeneurs d&rsquo;un soir, nos spectacles et parcours lumi\u00e8re sont majoritairement propos\u00e9s sur de longues p\u00e9riodes. Ces diffusions r\u00e9p\u00e9t\u00e9es et connues de tous permettent ainsi de toucher un tr\u00e8s grand nombre de spectateurs et de g\u00e9n\u00e9rer des retomb\u00e9es cons\u00e9quentes pour la collectivit\u00e9 et ses partenaires.<\/p>\n","protected":false},"excerpt":{"rendered":"<p>Instants Publics intervient aupr\u00e8s des collectivit\u00e9s territoriales dans le domaine de la conception de spectacles et de parcours lumi\u00e8res. Souvent fond\u00e9s sur l&rsquo;identit\u00e9 historique, g\u00e9ographie et culturelle des villes, d\u00e9partements ou r\u00e9gions, les \u00e9v\u00e9nements que nous cr\u00e9ons sont de v\u00e9ritables exp\u00e9riences artistiques au service du d\u00e9veloppement territorial. Destin\u00e9s \u00e0 tous les publics, habitants et touristes, &hellip; <\/p>\n<p class=\"link-more\"><a href=\"https:\/\/www.instantspublics.com\/?page_id=18\" class=\"more-link\">Lire la suite de<span class=\"screen-reader-text\">\u00ab\u00a0MAPPING VIDEO &#038; PARCOURS LUMIERE\u00a0\u00bb<\/span><\/a><\/p>\n","protected":false},"author":1,"featured_media":620,"parent":30,"menu_order":1,"comment_status":"closed","ping_status":"closed","template":"","meta":{"footnotes":""},"class_list":["post-18","page","type-page","status-publish","has-post-thumbnail","hentry"],"yoast_head":"<!-- This site is optimized with the Yoast SEO plugin v27.4 - https:\/\/yoast.com\/product\/yoast-seo-wordpress\/ -->\n<title>MAPPING VIDEO &amp; PARCOURS LUMIERE - Instants Publics<\/title>\n<meta name=\"robots\" content=\"index, follow, max-snippet:-1, max-image-preview:large, max-video-preview:-1\" \/>\n<link rel=\"canonical\" href=\"https:\/\/www.instantspublics.com\/?page_id=18\" \/>\n<meta property=\"og:locale\" content=\"fr_FR\" \/>\n<meta property=\"og:type\" content=\"article\" \/>\n<meta property=\"og:title\" content=\"MAPPING VIDEO &amp; PARCOURS LUMIERE - Instants Publics\" \/>\n<meta property=\"og:description\" content=\"Instants Publics intervient aupr\u00e8s des collectivit\u00e9s territoriales dans le domaine de la conception de spectacles et de parcours lumi\u00e8res. Souvent fond\u00e9s sur l&rsquo;identit\u00e9 historique, g\u00e9ographie et culturelle des villes, d\u00e9partements ou r\u00e9gions, les \u00e9v\u00e9nements que nous cr\u00e9ons sont de v\u00e9ritables exp\u00e9riences artistiques au service du d\u00e9veloppement territorial. Destin\u00e9s \u00e0 tous les publics, habitants et touristes, &hellip; Lire la suite de\u00ab\u00a0MAPPING VIDEO &#038; PARCOURS LUMIERE\u00a0\u00bb\" \/>\n<meta property=\"og:url\" content=\"https:\/\/www.instantspublics.com\/?page_id=18\" \/>\n<meta property=\"og:site_name\" content=\"Instants Publics\" \/>\n<meta property=\"article:modified_time\" content=\"2026-01-09T15:24:15+00:00\" \/>\n<meta property=\"og:image\" content=\"https:\/\/www.instantspublics.com\/wp-content\/uploads\/2023\/10\/IMG_20230916_153947-scaled.jpg\" \/>\n\t<meta property=\"og:image:width\" content=\"2560\" \/>\n\t<meta property=\"og:image:height\" content=\"1920\" \/>\n\t<meta property=\"og:image:type\" content=\"image\/jpeg\" \/>\n<meta name=\"twitter:card\" content=\"summary_large_image\" \/>\n<meta name=\"twitter:label1\" content=\"Dur\u00e9e de lecture estim\u00e9e\" \/>\n\t<meta name=\"twitter:data1\" content=\"1 minute\" \/>\n<script type=\"application\/ld+json\" class=\"yoast-schema-graph\">{\"@context\":\"https:\\\/\\\/schema.org\",\"@graph\":[{\"@type\":\"WebPage\",\"@id\":\"https:\\\/\\\/www.instantspublics.com\\\/?page_id=18\",\"url\":\"https:\\\/\\\/www.instantspublics.com\\\/?page_id=18\",\"name\":\"MAPPING VIDEO & PARCOURS LUMIERE - Instants Publics\",\"isPartOf\":{\"@id\":\"https:\\\/\\\/www.instantspublics.com\\\/#website\"},\"primaryImageOfPage\":{\"@id\":\"https:\\\/\\\/www.instantspublics.com\\\/?page_id=18#primaryimage\"},\"image\":{\"@id\":\"https:\\\/\\\/www.instantspublics.com\\\/?page_id=18#primaryimage\"},\"thumbnailUrl\":\"https:\\\/\\\/www.instantspublics.com\\\/wp-content\\\/uploads\\\/2023\\\/10\\\/IMG_20230916_153947-scaled.jpg\",\"datePublished\":\"2017-10-05T21:05:15+00:00\",\"dateModified\":\"2026-01-09T15:24:15+00:00\",\"breadcrumb\":{\"@id\":\"https:\\\/\\\/www.instantspublics.com\\\/?page_id=18#breadcrumb\"},\"inLanguage\":\"fr-FR\",\"potentialAction\":[{\"@type\":\"ReadAction\",\"target\":[\"https:\\\/\\\/www.instantspublics.com\\\/?page_id=18\"]}]},{\"@type\":\"ImageObject\",\"inLanguage\":\"fr-FR\",\"@id\":\"https:\\\/\\\/www.instantspublics.com\\\/?page_id=18#primaryimage\",\"url\":\"https:\\\/\\\/www.instantspublics.com\\\/wp-content\\\/uploads\\\/2023\\\/10\\\/IMG_20230916_153947-scaled.jpg\",\"contentUrl\":\"https:\\\/\\\/www.instantspublics.com\\\/wp-content\\\/uploads\\\/2023\\\/10\\\/IMG_20230916_153947-scaled.jpg\",\"width\":2560,\"height\":1920},{\"@type\":\"BreadcrumbList\",\"@id\":\"https:\\\/\\\/www.instantspublics.com\\\/?page_id=18#breadcrumb\",\"itemListElement\":[{\"@type\":\"ListItem\",\"position\":1,\"name\":\"Accueil\",\"item\":\"https:\\\/\\\/www.instantspublics.com\\\/\"},{\"@type\":\"ListItem\",\"position\":2,\"name\":\"Nos m\u00e9tiers\",\"item\":\"https:\\\/\\\/www.instantspublics.com\\\/?page_id=30\"},{\"@type\":\"ListItem\",\"position\":3,\"name\":\"MAPPING VIDEO &#038; PARCOURS LUMIERE\"}]},{\"@type\":\"WebSite\",\"@id\":\"https:\\\/\\\/www.instantspublics.com\\\/#website\",\"url\":\"https:\\\/\\\/www.instantspublics.com\\\/\",\"name\":\"Instants Publics\",\"description\":\"Raconter votre patrimoine, Illuminer votre Histoire\",\"publisher\":{\"@id\":\"https:\\\/\\\/www.instantspublics.com\\\/#organization\"},\"potentialAction\":[{\"@type\":\"SearchAction\",\"target\":{\"@type\":\"EntryPoint\",\"urlTemplate\":\"https:\\\/\\\/www.instantspublics.com\\\/?s={search_term_string}\"},\"query-input\":{\"@type\":\"PropertyValueSpecification\",\"valueRequired\":true,\"valueName\":\"search_term_string\"}}],\"inLanguage\":\"fr-FR\"},{\"@type\":\"Organization\",\"@id\":\"https:\\\/\\\/www.instantspublics.com\\\/#organization\",\"name\":\"Instants Publics\",\"url\":\"https:\\\/\\\/www.instantspublics.com\\\/\",\"logo\":{\"@type\":\"ImageObject\",\"inLanguage\":\"fr-FR\",\"@id\":\"https:\\\/\\\/www.instantspublics.com\\\/#\\\/schema\\\/logo\\\/image\\\/\",\"url\":\"https:\\\/\\\/www.instantspublics.com\\\/wp-content\\\/uploads\\\/2024\\\/09\\\/Instants.Publics_logo_Blanc.HORIZ_.png\",\"contentUrl\":\"https:\\\/\\\/www.instantspublics.com\\\/wp-content\\\/uploads\\\/2024\\\/09\\\/Instants.Publics_logo_Blanc.HORIZ_.png\",\"width\":1393,\"height\":1030,\"caption\":\"Instants Publics\"},\"image\":{\"@id\":\"https:\\\/\\\/www.instantspublics.com\\\/#\\\/schema\\\/logo\\\/image\\\/\"}}]}<\/script>\n<!-- \/ Yoast SEO plugin. -->","yoast_head_json":{"title":"MAPPING VIDEO & PARCOURS LUMIERE - Instants Publics","robots":{"index":"index","follow":"follow","max-snippet":"max-snippet:-1","max-image-preview":"max-image-preview:large","max-video-preview":"max-video-preview:-1"},"canonical":"https:\/\/www.instantspublics.com\/?page_id=18","og_locale":"fr_FR","og_type":"article","og_title":"MAPPING VIDEO & PARCOURS LUMIERE - Instants Publics","og_description":"Instants Publics intervient aupr\u00e8s des collectivit\u00e9s territoriales dans le domaine de la conception de spectacles et de parcours lumi\u00e8res. Souvent fond\u00e9s sur l&rsquo;identit\u00e9 historique, g\u00e9ographie et culturelle des villes, d\u00e9partements ou r\u00e9gions, les \u00e9v\u00e9nements que nous cr\u00e9ons sont de v\u00e9ritables exp\u00e9riences artistiques au service du d\u00e9veloppement territorial. Destin\u00e9s \u00e0 tous les publics, habitants et touristes, &hellip; Lire la suite de\u00ab\u00a0MAPPING VIDEO &#038; PARCOURS LUMIERE\u00a0\u00bb","og_url":"https:\/\/www.instantspublics.com\/?page_id=18","og_site_name":"Instants Publics","article_modified_time":"2026-01-09T15:24:15+00:00","og_image":[{"width":2560,"height":1920,"url":"https:\/\/www.instantspublics.com\/wp-content\/uploads\/2023\/10\/IMG_20230916_153947-scaled.jpg","type":"image\/jpeg"}],"twitter_card":"summary_large_image","twitter_misc":{"Dur\u00e9e de lecture estim\u00e9e":"1 minute"},"schema":{"@context":"https:\/\/schema.org","@graph":[{"@type":"WebPage","@id":"https:\/\/www.instantspublics.com\/?page_id=18","url":"https:\/\/www.instantspublics.com\/?page_id=18","name":"MAPPING VIDEO & PARCOURS LUMIERE - Instants Publics","isPartOf":{"@id":"https:\/\/www.instantspublics.com\/#website"},"primaryImageOfPage":{"@id":"https:\/\/www.instantspublics.com\/?page_id=18#primaryimage"},"image":{"@id":"https:\/\/www.instantspublics.com\/?page_id=18#primaryimage"},"thumbnailUrl":"https:\/\/www.instantspublics.com\/wp-content\/uploads\/2023\/10\/IMG_20230916_153947-scaled.jpg","datePublished":"2017-10-05T21:05:15+00:00","dateModified":"2026-01-09T15:24:15+00:00","breadcrumb":{"@id":"https:\/\/www.instantspublics.com\/?page_id=18#breadcrumb"},"inLanguage":"fr-FR","potentialAction":[{"@type":"ReadAction","target":["https:\/\/www.instantspublics.com\/?page_id=18"]}]},{"@type":"ImageObject","inLanguage":"fr-FR","@id":"https:\/\/www.instantspublics.com\/?page_id=18#primaryimage","url":"https:\/\/www.instantspublics.com\/wp-content\/uploads\/2023\/10\/IMG_20230916_153947-scaled.jpg","contentUrl":"https:\/\/www.instantspublics.com\/wp-content\/uploads\/2023\/10\/IMG_20230916_153947-scaled.jpg","width":2560,"height":1920},{"@type":"BreadcrumbList","@id":"https:\/\/www.instantspublics.com\/?page_id=18#breadcrumb","itemListElement":[{"@type":"ListItem","position":1,"name":"Accueil","item":"https:\/\/www.instantspublics.com\/"},{"@type":"ListItem","position":2,"name":"Nos m\u00e9tiers","item":"https:\/\/www.instantspublics.com\/?page_id=30"},{"@type":"ListItem","position":3,"name":"MAPPING VIDEO &#038; PARCOURS LUMIERE"}]},{"@type":"WebSite","@id":"https:\/\/www.instantspublics.com\/#website","url":"https:\/\/www.instantspublics.com\/","name":"Instants Publics","description":"Raconter votre patrimoine, Illuminer votre Histoire","publisher":{"@id":"https:\/\/www.instantspublics.com\/#organization"},"potentialAction":[{"@type":"SearchAction","target":{"@type":"EntryPoint","urlTemplate":"https:\/\/www.instantspublics.com\/?s={search_term_string}"},"query-input":{"@type":"PropertyValueSpecification","valueRequired":true,"valueName":"search_term_string"}}],"inLanguage":"fr-FR"},{"@type":"Organization","@id":"https:\/\/www.instantspublics.com\/#organization","name":"Instants Publics","url":"https:\/\/www.instantspublics.com\/","logo":{"@type":"ImageObject","inLanguage":"fr-FR","@id":"https:\/\/www.instantspublics.com\/#\/schema\/logo\/image\/","url":"https:\/\/www.instantspublics.com\/wp-content\/uploads\/2024\/09\/Instants.Publics_logo_Blanc.HORIZ_.png","contentUrl":"https:\/\/www.instantspublics.com\/wp-content\/uploads\/2024\/09\/Instants.Publics_logo_Blanc.HORIZ_.png","width":1393,"height":1030,"caption":"Instants Publics"},"image":{"@id":"https:\/\/www.instantspublics.com\/#\/schema\/logo\/image\/"}}]}},"_links":{"self":[{"href":"https:\/\/www.instantspublics.com\/index.php?rest_route=\/wp\/v2\/pages\/18","targetHints":{"allow":["GET"]}}],"collection":[{"href":"https:\/\/www.instantspublics.com\/index.php?rest_route=\/wp\/v2\/pages"}],"about":[{"href":"https:\/\/www.instantspublics.com\/index.php?rest_route=\/wp\/v2\/types\/page"}],"author":[{"embeddable":true,"href":"https:\/\/www.instantspublics.com\/index.php?rest_route=\/wp\/v2\/users\/1"}],"replies":[{"embeddable":true,"href":"https:\/\/www.instantspublics.com\/index.php?rest_route=%2Fwp%2Fv2%2Fcomments&post=18"}],"version-history":[{"count":7,"href":"https:\/\/www.instantspublics.com\/index.php?rest_route=\/wp\/v2\/pages\/18\/revisions"}],"predecessor-version":[{"id":465,"href":"https:\/\/www.instantspublics.com\/index.php?rest_route=\/wp\/v2\/pages\/18\/revisions\/465"}],"up":[{"embeddable":true,"href":"https:\/\/www.instantspublics.com\/index.php?rest_route=\/wp\/v2\/pages\/30"}],"wp:featuredmedia":[{"embeddable":true,"href":"https:\/\/www.instantspublics.com\/index.php?rest_route=\/wp\/v2\/media\/620"}],"wp:attachment":[{"href":"https:\/\/www.instantspublics.com\/index.php?rest_route=%2Fwp%2Fv2%2Fmedia&parent=18"}],"curies":[{"name":"wp","href":"https:\/\/api.w.org\/{rel}","templated":true}]}}