{"id":16,"date":"2017-10-05T23:04:29","date_gmt":"2017-10-05T21:04:29","guid":{"rendered":"http:\/\/www.instants-publics.com\/?page_id=16"},"modified":"2026-01-09T16:31:31","modified_gmt":"2026-01-09T15:31:31","slug":"evenementiel-grand-public","status":"publish","type":"page","link":"https:\/\/www.instantspublics.com\/?page_id=16","title":{"rendered":"STORYTELLING TERRITORIAL &amp; PATRIMONIAL"},"content":{"rendered":"<p>Sp\u00e9cialistes du storytelling, nous sommes r\u00e9guli\u00e8rement consult\u00e9s par des collectivit\u00e9s territoriales ou des sites patrimoniaux pour renouveler l&rsquo;approche narrative, cr\u00e9er les conditions d&rsquo;une mise en tourisme durable et \u00e9v\u00e9nementialiser les atouts identitaires.<\/p>\n<p>A l&rsquo;appui d&rsquo;un sc\u00e9nario coconstruit avec les acteurs locaux, nous accompagnons nos clients dans la mise en place d&rsquo;actions et de dispositifs concrets valorisant les contenus scientifiques et historiques.<\/p>\n<p>Gr\u00e2ce \u00e0 un savoir-faire reconnu dans l&rsquo;exp\u00e9rientiel grand public, nous proposons \u00e0 nos partenaires des solutions accessibles, ludiques et inclusives.<\/p>\n<\/p>\n<h6>\u00a0<\/h6>\n\n\n<figure class=\"wp-block-image aligncenter size-large\"><img fetchpriority=\"high\" decoding=\"async\" width=\"1024\" height=\"768\" src=\"https:\/\/www.instantspublics.com\/wp-content\/uploads\/2024\/09\/1727692972663-1024x768.jpg\" alt=\"\" class=\"wp-image-693\" srcset=\"https:\/\/www.instantspublics.com\/wp-content\/uploads\/2024\/09\/1727692972663-1024x768.jpg 1024w, https:\/\/www.instantspublics.com\/wp-content\/uploads\/2024\/09\/1727692972663-300x225.jpg 300w, https:\/\/www.instantspublics.com\/wp-content\/uploads\/2024\/09\/1727692972663-2000x1500.jpg 2000w\" sizes=\"(max-width: 1024px) 100vw, 1024px\" \/><\/figure>\n","protected":false},"excerpt":{"rendered":"<p>Sp\u00e9cialistes du storytelling, nous sommes r\u00e9guli\u00e8rement consult\u00e9s par des collectivit\u00e9s territoriales ou des sites patrimoniaux pour renouveler l&rsquo;approche narrative, cr\u00e9er les conditions d&rsquo;une mise en tourisme durable et \u00e9v\u00e9nementialiser les atouts identitaires. A l&rsquo;appui d&rsquo;un sc\u00e9nario coconstruit avec les acteurs locaux, nous accompagnons nos clients dans la mise en place d&rsquo;actions et de dispositifs concrets &hellip; <\/p>\n<p class=\"link-more\"><a href=\"https:\/\/www.instantspublics.com\/?page_id=16\" class=\"more-link\">Lire la suite de<span class=\"screen-reader-text\">\u00ab\u00a0STORYTELLING TERRITORIAL &amp; PATRIMONIAL\u00a0\u00bb<\/span><\/a><\/p>\n","protected":false},"author":1,"featured_media":818,"parent":30,"menu_order":2,"comment_status":"closed","ping_status":"closed","template":"","meta":{"footnotes":""},"class_list":["post-16","page","type-page","status-publish","has-post-thumbnail","hentry"],"yoast_head":"<!-- This site is optimized with the Yoast SEO plugin v27.4 - https:\/\/yoast.com\/product\/yoast-seo-wordpress\/ -->\n<title>STORYTELLING TERRITORIAL &amp; PATRIMONIAL - Instants Publics<\/title>\n<meta name=\"robots\" content=\"index, follow, max-snippet:-1, max-image-preview:large, max-video-preview:-1\" \/>\n<link rel=\"canonical\" href=\"https:\/\/www.instantspublics.com\/?page_id=16\" \/>\n<meta property=\"og:locale\" content=\"fr_FR\" \/>\n<meta property=\"og:type\" content=\"article\" \/>\n<meta property=\"og:title\" content=\"STORYTELLING TERRITORIAL &amp; PATRIMONIAL - Instants Publics\" \/>\n<meta property=\"og:description\" content=\"Sp\u00e9cialistes du storytelling, nous sommes r\u00e9guli\u00e8rement consult\u00e9s par des collectivit\u00e9s territoriales ou des sites patrimoniaux pour renouveler l&rsquo;approche narrative, cr\u00e9er les conditions d&rsquo;une mise en tourisme durable et \u00e9v\u00e9nementialiser les atouts identitaires. A l&rsquo;appui d&rsquo;un sc\u00e9nario coconstruit avec les acteurs locaux, nous accompagnons nos clients dans la mise en place d&rsquo;actions et de dispositifs concrets &hellip; Lire la suite de\u00ab\u00a0STORYTELLING TERRITORIAL &amp; PATRIMONIAL\u00a0\u00bb\" \/>\n<meta property=\"og:url\" content=\"https:\/\/www.instantspublics.com\/?page_id=16\" \/>\n<meta property=\"og:site_name\" content=\"Instants Publics\" \/>\n<meta property=\"article:modified_time\" content=\"2026-01-09T15:31:31+00:00\" \/>\n<meta property=\"og:image\" content=\"https:\/\/www.instantspublics.com\/wp-content\/uploads\/2025\/10\/WhatsApp-Image-2025-07-03-a-10.47.47_b03790d1-e1767972028394.jpg\" \/>\n\t<meta property=\"og:image:width\" content=\"1600\" \/>\n\t<meta property=\"og:image:height\" content=\"900\" \/>\n\t<meta property=\"og:image:type\" content=\"image\/jpeg\" \/>\n<meta name=\"twitter:card\" content=\"summary_large_image\" \/>\n<meta name=\"twitter:label1\" content=\"Dur\u00e9e de lecture estim\u00e9e\" \/>\n\t<meta name=\"twitter:data1\" content=\"1 minute\" \/>\n<script type=\"application\/ld+json\" class=\"yoast-schema-graph\">{\"@context\":\"https:\\\/\\\/schema.org\",\"@graph\":[{\"@type\":\"WebPage\",\"@id\":\"https:\\\/\\\/www.instantspublics.com\\\/?page_id=16\",\"url\":\"https:\\\/\\\/www.instantspublics.com\\\/?page_id=16\",\"name\":\"STORYTELLING TERRITORIAL &amp; PATRIMONIAL - Instants Publics\",\"isPartOf\":{\"@id\":\"https:\\\/\\\/www.instantspublics.com\\\/#website\"},\"primaryImageOfPage\":{\"@id\":\"https:\\\/\\\/www.instantspublics.com\\\/?page_id=16#primaryimage\"},\"image\":{\"@id\":\"https:\\\/\\\/www.instantspublics.com\\\/?page_id=16#primaryimage\"},\"thumbnailUrl\":\"https:\\\/\\\/www.instantspublics.com\\\/wp-content\\\/uploads\\\/2025\\\/10\\\/WhatsApp-Image-2025-07-03-a-10.47.47_b03790d1-e1767972028394.jpg\",\"datePublished\":\"2017-10-05T21:04:29+00:00\",\"dateModified\":\"2026-01-09T15:31:31+00:00\",\"breadcrumb\":{\"@id\":\"https:\\\/\\\/www.instantspublics.com\\\/?page_id=16#breadcrumb\"},\"inLanguage\":\"fr-FR\",\"potentialAction\":[{\"@type\":\"ReadAction\",\"target\":[\"https:\\\/\\\/www.instantspublics.com\\\/?page_id=16\"]}]},{\"@type\":\"ImageObject\",\"inLanguage\":\"fr-FR\",\"@id\":\"https:\\\/\\\/www.instantspublics.com\\\/?page_id=16#primaryimage\",\"url\":\"https:\\\/\\\/www.instantspublics.com\\\/wp-content\\\/uploads\\\/2025\\\/10\\\/WhatsApp-Image-2025-07-03-a-10.47.47_b03790d1-e1767972028394.jpg\",\"contentUrl\":\"https:\\\/\\\/www.instantspublics.com\\\/wp-content\\\/uploads\\\/2025\\\/10\\\/WhatsApp-Image-2025-07-03-a-10.47.47_b03790d1-e1767972028394.jpg\",\"width\":1600,\"height\":900},{\"@type\":\"BreadcrumbList\",\"@id\":\"https:\\\/\\\/www.instantspublics.com\\\/?page_id=16#breadcrumb\",\"itemListElement\":[{\"@type\":\"ListItem\",\"position\":1,\"name\":\"Accueil\",\"item\":\"https:\\\/\\\/www.instantspublics.com\\\/\"},{\"@type\":\"ListItem\",\"position\":2,\"name\":\"Nos m\u00e9tiers\",\"item\":\"https:\\\/\\\/www.instantspublics.com\\\/?page_id=30\"},{\"@type\":\"ListItem\",\"position\":3,\"name\":\"STORYTELLING TERRITORIAL &amp; PATRIMONIAL\"}]},{\"@type\":\"WebSite\",\"@id\":\"https:\\\/\\\/www.instantspublics.com\\\/#website\",\"url\":\"https:\\\/\\\/www.instantspublics.com\\\/\",\"name\":\"Instants Publics\",\"description\":\"Raconter votre patrimoine, Illuminer votre Histoire\",\"publisher\":{\"@id\":\"https:\\\/\\\/www.instantspublics.com\\\/#organization\"},\"potentialAction\":[{\"@type\":\"SearchAction\",\"target\":{\"@type\":\"EntryPoint\",\"urlTemplate\":\"https:\\\/\\\/www.instantspublics.com\\\/?s={search_term_string}\"},\"query-input\":{\"@type\":\"PropertyValueSpecification\",\"valueRequired\":true,\"valueName\":\"search_term_string\"}}],\"inLanguage\":\"fr-FR\"},{\"@type\":\"Organization\",\"@id\":\"https:\\\/\\\/www.instantspublics.com\\\/#organization\",\"name\":\"Instants Publics\",\"url\":\"https:\\\/\\\/www.instantspublics.com\\\/\",\"logo\":{\"@type\":\"ImageObject\",\"inLanguage\":\"fr-FR\",\"@id\":\"https:\\\/\\\/www.instantspublics.com\\\/#\\\/schema\\\/logo\\\/image\\\/\",\"url\":\"https:\\\/\\\/www.instantspublics.com\\\/wp-content\\\/uploads\\\/2024\\\/09\\\/Instants.Publics_logo_Blanc.HORIZ_.png\",\"contentUrl\":\"https:\\\/\\\/www.instantspublics.com\\\/wp-content\\\/uploads\\\/2024\\\/09\\\/Instants.Publics_logo_Blanc.HORIZ_.png\",\"width\":1393,\"height\":1030,\"caption\":\"Instants Publics\"},\"image\":{\"@id\":\"https:\\\/\\\/www.instantspublics.com\\\/#\\\/schema\\\/logo\\\/image\\\/\"}}]}<\/script>\n<!-- \/ Yoast SEO plugin. -->","yoast_head_json":{"title":"STORYTELLING TERRITORIAL &amp; PATRIMONIAL - Instants Publics","robots":{"index":"index","follow":"follow","max-snippet":"max-snippet:-1","max-image-preview":"max-image-preview:large","max-video-preview":"max-video-preview:-1"},"canonical":"https:\/\/www.instantspublics.com\/?page_id=16","og_locale":"fr_FR","og_type":"article","og_title":"STORYTELLING TERRITORIAL &amp; PATRIMONIAL - Instants Publics","og_description":"Sp\u00e9cialistes du storytelling, nous sommes r\u00e9guli\u00e8rement consult\u00e9s par des collectivit\u00e9s territoriales ou des sites patrimoniaux pour renouveler l&rsquo;approche narrative, cr\u00e9er les conditions d&rsquo;une mise en tourisme durable et \u00e9v\u00e9nementialiser les atouts identitaires. A l&rsquo;appui d&rsquo;un sc\u00e9nario coconstruit avec les acteurs locaux, nous accompagnons nos clients dans la mise en place d&rsquo;actions et de dispositifs concrets &hellip; Lire la suite de\u00ab\u00a0STORYTELLING TERRITORIAL &amp; PATRIMONIAL\u00a0\u00bb","og_url":"https:\/\/www.instantspublics.com\/?page_id=16","og_site_name":"Instants Publics","article_modified_time":"2026-01-09T15:31:31+00:00","og_image":[{"width":1600,"height":900,"url":"https:\/\/www.instantspublics.com\/wp-content\/uploads\/2025\/10\/WhatsApp-Image-2025-07-03-a-10.47.47_b03790d1-e1767972028394.jpg","type":"image\/jpeg"}],"twitter_card":"summary_large_image","twitter_misc":{"Dur\u00e9e de lecture estim\u00e9e":"1 minute"},"schema":{"@context":"https:\/\/schema.org","@graph":[{"@type":"WebPage","@id":"https:\/\/www.instantspublics.com\/?page_id=16","url":"https:\/\/www.instantspublics.com\/?page_id=16","name":"STORYTELLING TERRITORIAL &amp; PATRIMONIAL - Instants Publics","isPartOf":{"@id":"https:\/\/www.instantspublics.com\/#website"},"primaryImageOfPage":{"@id":"https:\/\/www.instantspublics.com\/?page_id=16#primaryimage"},"image":{"@id":"https:\/\/www.instantspublics.com\/?page_id=16#primaryimage"},"thumbnailUrl":"https:\/\/www.instantspublics.com\/wp-content\/uploads\/2025\/10\/WhatsApp-Image-2025-07-03-a-10.47.47_b03790d1-e1767972028394.jpg","datePublished":"2017-10-05T21:04:29+00:00","dateModified":"2026-01-09T15:31:31+00:00","breadcrumb":{"@id":"https:\/\/www.instantspublics.com\/?page_id=16#breadcrumb"},"inLanguage":"fr-FR","potentialAction":[{"@type":"ReadAction","target":["https:\/\/www.instantspublics.com\/?page_id=16"]}]},{"@type":"ImageObject","inLanguage":"fr-FR","@id":"https:\/\/www.instantspublics.com\/?page_id=16#primaryimage","url":"https:\/\/www.instantspublics.com\/wp-content\/uploads\/2025\/10\/WhatsApp-Image-2025-07-03-a-10.47.47_b03790d1-e1767972028394.jpg","contentUrl":"https:\/\/www.instantspublics.com\/wp-content\/uploads\/2025\/10\/WhatsApp-Image-2025-07-03-a-10.47.47_b03790d1-e1767972028394.jpg","width":1600,"height":900},{"@type":"BreadcrumbList","@id":"https:\/\/www.instantspublics.com\/?page_id=16#breadcrumb","itemListElement":[{"@type":"ListItem","position":1,"name":"Accueil","item":"https:\/\/www.instantspublics.com\/"},{"@type":"ListItem","position":2,"name":"Nos m\u00e9tiers","item":"https:\/\/www.instantspublics.com\/?page_id=30"},{"@type":"ListItem","position":3,"name":"STORYTELLING TERRITORIAL &amp; PATRIMONIAL"}]},{"@type":"WebSite","@id":"https:\/\/www.instantspublics.com\/#website","url":"https:\/\/www.instantspublics.com\/","name":"Instants Publics","description":"Raconter votre patrimoine, Illuminer votre Histoire","publisher":{"@id":"https:\/\/www.instantspublics.com\/#organization"},"potentialAction":[{"@type":"SearchAction","target":{"@type":"EntryPoint","urlTemplate":"https:\/\/www.instantspublics.com\/?s={search_term_string}"},"query-input":{"@type":"PropertyValueSpecification","valueRequired":true,"valueName":"search_term_string"}}],"inLanguage":"fr-FR"},{"@type":"Organization","@id":"https:\/\/www.instantspublics.com\/#organization","name":"Instants Publics","url":"https:\/\/www.instantspublics.com\/","logo":{"@type":"ImageObject","inLanguage":"fr-FR","@id":"https:\/\/www.instantspublics.com\/#\/schema\/logo\/image\/","url":"https:\/\/www.instantspublics.com\/wp-content\/uploads\/2024\/09\/Instants.Publics_logo_Blanc.HORIZ_.png","contentUrl":"https:\/\/www.instantspublics.com\/wp-content\/uploads\/2024\/09\/Instants.Publics_logo_Blanc.HORIZ_.png","width":1393,"height":1030,"caption":"Instants Publics"},"image":{"@id":"https:\/\/www.instantspublics.com\/#\/schema\/logo\/image\/"}}]}},"_links":{"self":[{"href":"https:\/\/www.instantspublics.com\/index.php?rest_route=\/wp\/v2\/pages\/16","targetHints":{"allow":["GET"]}}],"collection":[{"href":"https:\/\/www.instantspublics.com\/index.php?rest_route=\/wp\/v2\/pages"}],"about":[{"href":"https:\/\/www.instantspublics.com\/index.php?rest_route=\/wp\/v2\/types\/page"}],"author":[{"embeddable":true,"href":"https:\/\/www.instantspublics.com\/index.php?rest_route=\/wp\/v2\/users\/1"}],"replies":[{"embeddable":true,"href":"https:\/\/www.instantspublics.com\/index.php?rest_route=%2Fwp%2Fv2%2Fcomments&post=16"}],"version-history":[{"count":15,"href":"https:\/\/www.instantspublics.com\/index.php?rest_route=\/wp\/v2\/pages\/16\/revisions"}],"predecessor-version":[{"id":873,"href":"https:\/\/www.instantspublics.com\/index.php?rest_route=\/wp\/v2\/pages\/16\/revisions\/873"}],"up":[{"embeddable":true,"href":"https:\/\/www.instantspublics.com\/index.php?rest_route=\/wp\/v2\/pages\/30"}],"wp:featuredmedia":[{"embeddable":true,"href":"https:\/\/www.instantspublics.com\/index.php?rest_route=\/wp\/v2\/media\/818"}],"wp:attachment":[{"href":"https:\/\/www.instantspublics.com\/index.php?rest_route=%2Fwp%2Fv2%2Fmedia&parent=16"}],"curies":[{"name":"wp","href":"https:\/\/api.w.org\/{rel}","templated":true}]}}